{"id":3276,"date":"2022-02-01T13:53:02","date_gmt":"2022-02-01T16:53:02","guid":{"rendered":"https:\/\/cdp.tecno.com.py\/?page_id=3276"},"modified":"2022-02-21T03:12:06","modified_gmt":"2022-02-21T06:12:06","slug":"reglamento-copd","status":"publish","type":"page","link":"https:\/\/tecno.com.py\/cdp\/reglamento-copd\/","title":{"rendered":"Reglamento &#8211; CoPD"},"content":{"rendered":"\t\t<div data-elementor-type=\"wp-page\" data-elementor-id=\"3276\" class=\"elementor elementor-3276\" data-elementor-settings=\"[]\">\n\t\t\t\t\t\t<div class=\"elementor-inner\">\n\t\t\t\t\t\t\t<div class=\"elementor-section-wrap\">\n\t\t\t\t\t\t\t<section class=\"elementor-section elementor-top-section elementor-element elementor-element-b197919 elementor-section-boxed elementor-section-height-default elementor-section-height-default\" data-id=\"b197919\" data-element_type=\"section\" data-settings=\"{&quot;background_background&quot;:&quot;classic&quot;}\">\n\t\t\t\t\t\t<div class=\"elementor-container elementor-column-gap-default\">\n\t\t\t\t\t\t\t<div class=\"elementor-row\">\n\t\t\t\t\t<div class=\"elementor-column elementor-col-100 elementor-top-column elementor-element elementor-element-bd5d7d9\" data-id=\"bd5d7d9\" data-element_type=\"column\" data-settings=\"{&quot;background_background&quot;:&quot;classic&quot;}\">\n\t\t\t<div class=\"elementor-column-wrap elementor-element-populated\">\n\t\t\t\t\t\t\t<div class=\"elementor-widget-wrap\">\n\t\t\t\t\t\t<div class=\"elementor-element elementor-element-2a08c24 elementor-invisible elementor-widget elementor-widget-text-editor\" data-id=\"2a08c24\" data-element_type=\"widget\" data-settings=\"{&quot;_animation&quot;:&quot;fadeInUp&quot;}\" data-widget_type=\"text-editor.default\">\n\t\t\t\t<div class=\"elementor-widget-container\">\n\t\t\t\t\t\t\t\t<div class=\"elementor-text-editor elementor-clearfix\">\n\t\t\t\t<p>Reglamento de t\u00e9rminos y condiciones de uso<\/p>\t\t\t\t\t<\/div>\n\t\t\t\t\t\t<\/div>\n\t\t\t\t<\/div>\n\t\t\t\t<div class=\"elementor-element elementor-element-1e5aa11 elementor-widget-divider--view-line elementor-invisible elementor-widget elementor-widget-divider\" data-id=\"1e5aa11\" data-element_type=\"widget\" data-settings=\"{&quot;_animation&quot;:&quot;fadeInLeft&quot;}\" data-widget_type=\"divider.default\">\n\t\t\t\t<div class=\"elementor-widget-container\">\n\t\t\t\t\t<div class=\"elementor-divider\">\n\t\t\t<span class=\"elementor-divider-separator\">\n\t\t\t\t\t\t<\/span>\n\t\t<\/div>\n\t\t\t\t<\/div>\n\t\t\t\t<\/div>\n\t\t\t\t<section class=\"elementor-section elementor-inner-section elementor-element elementor-element-9713cdc elementor-section-boxed elementor-section-height-default elementor-section-height-default\" data-id=\"9713cdc\" data-element_type=\"section\">\n\t\t\t\t\t\t<div class=\"elementor-container elementor-column-gap-default\">\n\t\t\t\t\t\t\t<div class=\"elementor-row\">\n\t\t\t\t\t<div class=\"elementor-column elementor-col-100 elementor-inner-column elementor-element elementor-element-663de57\" data-id=\"663de57\" data-element_type=\"column\">\n\t\t\t<div class=\"elementor-column-wrap elementor-element-populated\">\n\t\t\t\t\t\t\t<div class=\"elementor-widget-wrap\">\n\t\t\t\t\t\t<div class=\"elementor-element elementor-element-fee2bc8 elementor-widget elementor-widget-text-editor\" data-id=\"fee2bc8\" data-element_type=\"widget\" data-widget_type=\"text-editor.default\">\n\t\t\t\t<div class=\"elementor-widget-container\">\n\t\t\t\t\t\t\t\t<div class=\"elementor-text-editor elementor-clearfix\">\n\t\t\t\t<p>Todos los miembros de la CoPD\u00a0se comprometen a respetar las siguientes normas:<\/p><ul><li>En la CoPD se alienta a todos los integrantes a que compartan sus conocimientos y experiencias buscando la ayuda mutua.<\/li><li>La CoPD s\u00f3lo se responsabiliza jur\u00eddicamente por el contenido publicado por sus administradores. Los dem\u00e1s miembros o visitantes ser\u00e1n responsables de las opiniones que expresen y de la exactitud de los contenidos que aporten.<\/li><li>Los enlaces a p\u00e1ginas de Internet, las citas o reproducciones de textos, im\u00e1genes, audio, video o cualquier otra producci\u00f3n que no sea de la autor\u00eda original de quien las incluye en sus comunicaciones dentro de la Comunidad deber\u00e1n ser acompa\u00f1adas de la correspondiente cita y, cuando correspondiere, de la expresa autorizaci\u00f3n del titular de los derechos, seg\u00fan lo establecido en las normas nacionales sobre Derecho de Autor.<\/li><li>Si se identificara alg\u00fan caso de plagio, el aporte que lo contenga ser\u00e1 removido del sitio de la Comunidad y quien lo hubiera cometido ser\u00e1 dado de baja como miembro.<\/li><li>Esta Comunidad tiene fines exclusivamente educativos y de colaboraci\u00f3n profesional, y por esta raz\u00f3n, no est\u00e1 permitido ning\u00fan empleo de sus espacios con fines comerciales, publicitarios, pol\u00edticos o de cualquier otra \u00edndole que no sea la ya expresada.<\/li><li>Todo comentario u opini\u00f3n sobre personas o instituciones, su trabajo o sus ideas deber\u00e1 ser expresado con respeto y sin transgredir las normas de la \u00e9tica profesional.<\/li><li>Los administradores se reservan el derecho de dar de baja a aquellos miembros que no se atengan a las condiciones establecidas en este reglamento.<\/li><\/ul>\t\t\t\t\t<\/div>\n\t\t\t\t\t\t<\/div>\n\t\t\t\t<\/div>\n\t\t\t\t\t\t<\/div>\n\t\t\t\t\t<\/div>\n\t\t<\/div>\n\t\t\t\t\t\t\t\t<\/div>\n\t\t\t\t\t<\/div>\n\t\t<\/section>\n\t\t\t\t\t\t<\/div>\n\t\t\t\t\t<\/div>\n\t\t<\/div>\n\t\t\t\t\t\t\t\t<\/div>\n\t\t\t\t\t<\/div>\n\t\t<\/section>\n\t\t\t\t\t\t<\/div>\n\t\t\t\t\t\t<\/div>\n\t\t\t\t\t<\/div>\n\t\t","protected":false},"excerpt":{"rendered":"<p>Reglamento de t\u00e9rminos y condiciones de uso Todos los miembros de la CoPD\u00a0se comprometen a respetar las siguientes normas: En la CoPD se alienta a todos los integrantes a que compartan sus conocimientos y experiencias buscando la ayuda mutua. La CoPD s\u00f3lo se responsabiliza jur\u00eddicamente por el contenido publicado por sus administradores. Los dem\u00e1s miembros [&hellip;]<\/p>\n","protected":false},"author":3,"featured_media":0,"parent":0,"menu_order":0,"comment_status":"closed","ping_status":"closed","template":"elementor_header_footer","meta":{"footnotes":""},"class_list":["post-3276","page","type-page","status-publish","hentry"],"_links":{"self":[{"href":"https:\/\/tecno.com.py\/cdp\/wp-json\/wp\/v2\/pages\/3276","targetHints":{"allow":["GET"]}}],"collection":[{"href":"https:\/\/tecno.com.py\/cdp\/wp-json\/wp\/v2\/pages"}],"about":[{"href":"https:\/\/tecno.com.py\/cdp\/wp-json\/wp\/v2\/types\/page"}],"author":[{"embeddable":true,"href":"https:\/\/tecno.com.py\/cdp\/wp-json\/wp\/v2\/users\/3"}],"replies":[{"embeddable":true,"href":"https:\/\/tecno.com.py\/cdp\/wp-json\/wp\/v2\/comments?post=3276"}],"version-history":[{"count":13,"href":"https:\/\/tecno.com.py\/cdp\/wp-json\/wp\/v2\/pages\/3276\/revisions"}],"predecessor-version":[{"id":3432,"href":"https:\/\/tecno.com.py\/cdp\/wp-json\/wp\/v2\/pages\/3276\/revisions\/3432"}],"wp:attachment":[{"href":"https:\/\/tecno.com.py\/cdp\/wp-json\/wp\/v2\/media?parent=3276"}],"curies":[{"name":"wp","href":"https:\/\/api.w.org\/{rel}","templated":true}]}}