{"id":343,"date":"2021-08-05T16:01:23","date_gmt":"2021-08-05T20:01:23","guid":{"rendered":"http:\/\/www.writingcenter.girolabs.tech\/?page_id=343"},"modified":"2022-02-21T02:58:29","modified_gmt":"2022-02-21T05:58:29","slug":"quienes-somos","status":"publish","type":"page","link":"https:\/\/tecno.com.py\/cdp\/quienes-somos\/","title":{"rendered":"Quienes somos"},"content":{"rendered":"\t\t<div data-elementor-type=\"wp-page\" data-elementor-id=\"343\" class=\"elementor elementor-343\" data-elementor-settings=\"[]\">\n\t\t\t\t\t\t<div class=\"elementor-inner\">\n\t\t\t\t\t\t\t<div class=\"elementor-section-wrap\">\n\t\t\t\t\t\t\t<section class=\"elementor-section elementor-top-section elementor-element elementor-element-23dd3e1 elementor-section-full_width elementor-section-height-default elementor-section-height-default\" data-id=\"23dd3e1\" data-element_type=\"section\" data-settings=\"{&quot;background_background&quot;:&quot;classic&quot;}\">\n\t\t\t\t\t\t<div class=\"elementor-container elementor-column-gap-default\">\n\t\t\t\t\t\t\t<div class=\"elementor-row\">\n\t\t\t\t\t<div class=\"elementor-column elementor-col-50 elementor-top-column elementor-element elementor-element-ac4f211\" data-id=\"ac4f211\" data-element_type=\"column\">\n\t\t\t<div class=\"elementor-column-wrap elementor-element-populated\">\n\t\t\t\t\t\t\t<div class=\"elementor-widget-wrap\">\n\t\t\t\t\t\t<div class=\"elementor-element elementor-element-7638380 elementor-invisible elementor-widget elementor-widget-heading\" data-id=\"7638380\" data-element_type=\"widget\" data-settings=\"{&quot;_animation&quot;:&quot;fadeInDown&quot;}\" data-widget_type=\"heading.default\">\n\t\t\t\t<div class=\"elementor-widget-container\">\n\t\t\t<h3 class=\"elementor-heading-title elementor-size-medium\">Bienvenida a la Comunidad de Pr\u00e1ctica Docente (CoPD)<\/h3>\t\t<\/div>\n\t\t\t\t<\/div>\n\t\t\t\t<div class=\"elementor-element elementor-element-bac971e animated-slow elementor-invisible elementor-widget elementor-widget-text-editor\" data-id=\"bac971e\" data-element_type=\"widget\" data-settings=\"{&quot;_animation&quot;:&quot;fadeIn&quot;}\" data-widget_type=\"text-editor.default\">\n\t\t\t\t<div class=\"elementor-widget-container\">\n\t\t\t\t\t\t\t\t<div class=\"elementor-text-editor elementor-clearfix\">\n\t\t\t\t<p align=\"justify\"><a name=\"reglamento\"><\/a> <span lang=\"es-419\">La CopD ha sido concebida como un espacio de <\/span><span lang=\"es-419\"><b>encuentro,<\/b><\/span> <span lang=\"es-419\"><b>aprendizaje<\/b><\/span><span lang=\"es-419\"> y <\/span><span lang=\"es-419\"><b>colaboraci\u00f3n <\/b><\/span><span lang=\"es-419\">entre colegas docentes de las instituciones a las cuales apoya el <\/span><span lang=\"es-419\"><b>Programa Estado de Derecho y Cultura de la Integridad<\/b><\/span><span lang=\"es-419\"> que est\u00e9n interesados en innovar en sus pr\u00e1cticas pedag\u00f3gicas. <\/span><span style=\"color: #000000;\"><span style=\"font-family: Verdana, serif;\"><span style=\"font-size: small;\"><span lang=\"es-419\">\u00a0\u00a0<\/span><\/span><\/span><\/span><\/p><p align=\"justify\"><span lang=\"es-419\">Para el Programa esta Comunidad ser\u00e1 un espacio para aglutinar todas las iniciativas que se han venido desarrollando para favorecer innovaciones pedag\u00f3gicas y seguir incentivando la implementaci\u00f3n de estas innovaciones en las aulas y sobre todo, generar reflexiones y aprendizajes sobre las nuevas maneras de encarar el desarrollo de las clases.<\/span><\/p>\t\t\t\t\t<\/div>\n\t\t\t\t\t\t<\/div>\n\t\t\t\t<\/div>\n\t\t\t\t\t\t<\/div>\n\t\t\t\t\t<\/div>\n\t\t<\/div>\n\t\t\t\t<div class=\"elementor-column elementor-col-50 elementor-top-column elementor-element elementor-element-d7397af\" data-id=\"d7397af\" data-element_type=\"column\">\n\t\t\t<div class=\"elementor-column-wrap elementor-element-populated\">\n\t\t\t\t\t\t\t<div class=\"elementor-widget-wrap\">\n\t\t\t\t\t\t<div class=\"elementor-element elementor-element-7b2999f elementor-hidden-tablet elementor-widget elementor-widget-image\" data-id=\"7b2999f\" data-element_type=\"widget\" data-widget_type=\"image.default\">\n\t\t\t\t<div class=\"elementor-widget-container\">\n\t\t\t\t\t\t\t\t<div class=\"elementor-image\">\n\t\t\t\t\t\t\t\t\t\t\t\t<img loading=\"lazy\" decoding=\"async\" width=\"800\" height=\"701\" src=\"https:\/\/tecno.com.py\/cdp\/wp-content\/uploads\/2021\/08\/fondo-quienes-como-1024x897.png\" class=\"attachment-large size-large\" alt=\"Sobre el Centro de Escritura-Fondo\" srcset=\"https:\/\/tecno.com.py\/cdp\/wp-content\/uploads\/2021\/08\/fondo-quienes-como-1024x897.png 1024w, https:\/\/tecno.com.py\/cdp\/wp-content\/uploads\/2021\/08\/fondo-quienes-como-300x263.png 300w, https:\/\/tecno.com.py\/cdp\/wp-content\/uploads\/2021\/08\/fondo-quienes-como-768x673.png 768w, https:\/\/tecno.com.py\/cdp\/wp-content\/uploads\/2021\/08\/fondo-quienes-como.png 1256w\" sizes=\"auto, (max-width: 800px) 100vw, 800px\" \/>\t\t\t\t\t\t\t\t\t\t\t\t\t\t<\/div>\n\t\t\t\t\t\t<\/div>\n\t\t\t\t<\/div>\n\t\t\t\t\t\t<\/div>\n\t\t\t\t\t<\/div>\n\t\t<\/div>\n\t\t\t\t\t\t\t\t<\/div>\n\t\t\t\t\t<\/div>\n\t\t<\/section>\n\t\t\t\t<section class=\"elementor-section elementor-top-section elementor-element elementor-element-d0ee491 elementor-section-boxed elementor-section-height-default elementor-section-height-default\" data-id=\"d0ee491\" data-element_type=\"section\" data-settings=\"{&quot;background_background&quot;:&quot;classic&quot;}\">\n\t\t\t\t\t\t\t<div class=\"elementor-background-overlay\"><\/div>\n\t\t\t\t\t\t\t<div class=\"elementor-container elementor-column-gap-default\">\n\t\t\t\t\t\t\t<div class=\"elementor-row\">\n\t\t\t\t\t<div class=\"elementor-column elementor-col-16 elementor-top-column elementor-element elementor-element-7c8050e\" data-id=\"7c8050e\" data-element_type=\"column\">\n\t\t\t<div class=\"elementor-column-wrap\">\n\t\t\t\t\t\t\t<div class=\"elementor-widget-wrap\">\n\t\t\t\t\t\t\t\t<\/div>\n\t\t\t\t\t<\/div>\n\t\t<\/div>\n\t\t\t\t<div class=\"elementor-column elementor-col-66 elementor-top-column elementor-element elementor-element-278aaf0\" data-id=\"278aaf0\" data-element_type=\"column\">\n\t\t\t<div class=\"elementor-column-wrap elementor-element-populated\">\n\t\t\t\t\t\t\t<div class=\"elementor-widget-wrap\">\n\t\t\t\t\t\t<div class=\"elementor-element elementor-element-44afbd1 elementor-widget elementor-widget-jet-testimonials\" data-id=\"44afbd1\" data-element_type=\"widget\" data-widget_type=\"jet-testimonials.default\">\n\t\t\t\t<div class=\"elementor-widget-container\">\n\t\t\t<div class=\"elementor-jet-testimonials jet-elements\">\n<div class=\"jet-testimonials\">\n\t<div class=\"jet-testimonials__instance elementor-slick-slider\" data-settings='{\"slidesToShow\":{\"desktop\":1,\"tablet\":0,\"mobile\":0},\"autoplaySpeed\":5000,\"autoplay\":true,\"infinite\":true,\"adaptiveHeight\":true,\"pauseOnHover\":false,\"speed\":500,\"arrows\":false,\"dots\":true,\"slidesToScroll\":1,\"prevArrow\":\".jet-testimonial__prev-arrow-44afbd1\",\"nextArrow\":\".jet-testimonial__next-arrow-44afbd1\",\"rtl\":false}' dir=\"ltr\"><div class=\"jet-testimonials__item\">\n\t<div class=\"jet-testimonials__item-inner\">\n\t\t<div class=\"jet-testimonials__content\"><div class=\"jet-testimonials__comment\">\"Las comunidades de pr\u00e1ctica son grupos de personas que comparten un inter\u00e9s o pasi\u00f3n por algo que hacen y aprenden c\u00f3mo hacerlo mejor, por lo que interact\u00faan regularmente.\"<\/div><div class=\"jet-testimonials__name\"><span>Wenger, 2007:1<\/span><\/div><\/div>\n\t<\/div>\n<\/div>\n\n<div class=\"jet-testimonials__item\">\n\t<div class=\"jet-testimonials__item-inner\">\n\t\t<div class=\"jet-testimonials__content\"><div class=\"jet-testimonials__comment\">\"Comunidades de Pr\u00e1ctica, son espacios de reflexi\u00f3n para personas que tienen el inter\u00e9s com\u00fan de compartir sus conocimientos y aprendizajes con la finalidad de mejorar e innovar sus propias labores diarias o actividades m\u00e1s frecuentes.\"<\/div><div class=\"jet-testimonials__name\"><span>Gair\u00edn,2015:23<\/span><\/div><\/div>\n\t<\/div>\n<\/div>\n\n<div class=\"jet-testimonials__item\">\n\t<div class=\"jet-testimonials__item-inner\">\n\t\t<div class=\"jet-testimonials__content\"><div class=\"jet-testimonials__comment\">\"Las Comunidades de Pr\u00e1ctica est\u00e1n conformadas por un grupo de personas que desempe\u00f1an la misma actividad o responsabilidad profesional, que preocupados por un problema o situaci\u00f3n com\u00fan o movidos por un inter\u00e9s compartido profundizan en el conocimiento y pericia del asunto a trav\u00e9s de una interacci\u00f3n continuada, con la finalidad de resolver el problema, dar respuestas a las situaciones y\/o aprender y profundizar en el conocimiento del asunto que les ata\u00f1e.\"<\/div><div class=\"jet-testimonials__name\"><span>Gair\u00edn,2015:39<\/span><\/div><\/div>\n\t<\/div>\n<\/div>\n\n<\/div>\n<\/div>\n<\/div>\t\t<\/div>\n\t\t\t\t<\/div>\n\t\t\t\t\t\t<\/div>\n\t\t\t\t\t<\/div>\n\t\t<\/div>\n\t\t\t\t<div class=\"elementor-column elementor-col-16 elementor-top-column elementor-element elementor-element-d2e06f1\" data-id=\"d2e06f1\" data-element_type=\"column\">\n\t\t\t<div class=\"elementor-column-wrap\">\n\t\t\t\t\t\t\t<div class=\"elementor-widget-wrap\">\n\t\t\t\t\t\t\t\t<\/div>\n\t\t\t\t\t<\/div>\n\t\t<\/div>\n\t\t\t\t\t\t\t\t<\/div>\n\t\t\t\t\t<\/div>\n\t\t<\/section>\n\t\t\t\t\t\t<\/div>\n\t\t\t\t\t\t<\/div>\n\t\t\t\t\t<\/div>\n\t\t","protected":false},"excerpt":{"rendered":"<p>Bienvenida a la Comunidad de Pr\u00e1ctica Docente (CoPD) La CopD ha sido concebida como un espacio de encuentro, aprendizaje y colaboraci\u00f3n entre colegas docentes de las instituciones a las cuales apoya el Programa Estado de Derecho y Cultura de la Integridad que est\u00e9n interesados en innovar en sus pr\u00e1cticas pedag\u00f3gicas. \u00a0\u00a0 Para el Programa esta [&hellip;]<\/p>\n","protected":false},"author":1,"featured_media":0,"parent":0,"menu_order":0,"comment_status":"closed","ping_status":"closed","template":"elementor_header_footer","meta":{"footnotes":""},"class_list":["post-343","page","type-page","status-publish","hentry"],"_links":{"self":[{"href":"https:\/\/tecno.com.py\/cdp\/wp-json\/wp\/v2\/pages\/343","targetHints":{"allow":["GET"]}}],"collection":[{"href":"https:\/\/tecno.com.py\/cdp\/wp-json\/wp\/v2\/pages"}],"about":[{"href":"https:\/\/tecno.com.py\/cdp\/wp-json\/wp\/v2\/types\/page"}],"author":[{"embeddable":true,"href":"https:\/\/tecno.com.py\/cdp\/wp-json\/wp\/v2\/users\/1"}],"replies":[{"embeddable":true,"href":"https:\/\/tecno.com.py\/cdp\/wp-json\/wp\/v2\/comments?post=343"}],"version-history":[{"count":66,"href":"https:\/\/tecno.com.py\/cdp\/wp-json\/wp\/v2\/pages\/343\/revisions"}],"predecessor-version":[{"id":3424,"href":"https:\/\/tecno.com.py\/cdp\/wp-json\/wp\/v2\/pages\/343\/revisions\/3424"}],"wp:attachment":[{"href":"https:\/\/tecno.com.py\/cdp\/wp-json\/wp\/v2\/media?parent=343"}],"curies":[{"name":"wp","href":"https:\/\/api.w.org\/{rel}","templated":true}]}}